{"id":9,"date":"2018-08-14T08:47:53","date_gmt":"2018-08-14T11:47:53","guid":{"rendered":"https:\/\/ceace.org.br\/?page_id=9"},"modified":"2025-10-07T11:28:14","modified_gmt":"2025-10-07T14:28:14","slug":"contato","status":"publish","type":"page","link":"https:\/\/ceace.org.br\/?page_id=9","title":{"rendered":"Contato"},"content":{"rendered":"\t\t<div class=\"elementor elementor-9\">\n\t\t\t<div class=\"elementor-inner\">\n\t\t\t\t<div class=\"elementor-section-wrap\">\n\t\t\t\t\t\t\t<section data-id=\"6edc775\" class=\"elementor-element elementor-element-6edc775 elementor-section-boxed elementor-section-height-default elementor-section-height-default elementor-section elementor-top-section\" data-element_type=\"section\">\n\t\t\t\t\t\t<div class=\"elementor-container elementor-column-gap-default\">\n\t\t\t\t<div class=\"elementor-row\">\n\t\t\t\t<div data-id=\"ee09fe9\" class=\"elementor-element elementor-element-ee09fe9 elementor-column elementor-col-100 elementor-top-column\" data-element_type=\"column\">\n\t\t\t<div class=\"elementor-column-wrap elementor-element-populated\">\n\t\t\t\t\t<div class=\"elementor-widget-wrap\">\n\t\t\t\t<div data-id=\"b188c26\" class=\"elementor-element elementor-element-b188c26 elementor-widget elementor-widget-text-editor\" data-element_type=\"text-editor.default\">\n\t\t\t\t<div class=\"elementor-widget-container\">\n\t\t\t\t\t<div class=\"elementor-text-editor elementor-clearfix\"><h3 class=\"widget-title\">Encontre-nos<\/h3><div class=\"textwidget\"><p><strong>Endere\u00e7o<\/strong><br \/>Rua S\u00e3o Manuel 12, Botafogo \u2013 Rio de Janeiro \u2013 RJ ( Primeira Transversal \u00e0 direita da rua da Passagem )<\/p><p><strong>Hor\u00e1rio<\/strong><br \/>O mesmo das Palestras P\u00fablicas<\/p><p>Para maiores informa\u00e7\u00f5es envie um email para: <strong>atendimentoceace@gmail.com<\/strong><\/p><p>Tamb\u00e9m acompanhe a programa\u00e7\u00e3o de palestras p\u00fablicas em nosso Instagram: <a href=\"https:\/\/www.instagram.com\/ceaceoficial\/\">@ceaceoficial<\/a><\/p><\/div><\/div>\n\t\t\t\t<\/div>\n\t\t\t\t<\/div>\n\t\t\t\t\t\t<\/div>\n\t\t\t<\/div>\n\t\t<\/div>\n\t\t\t\t\t\t<\/div>\n\t\t\t<\/div>\n\t\t<\/section>\n\t\t\t\t\t\t<\/div>\n\t\t\t<\/div>\n\t\t<\/div>\n\t\t","protected":false},"excerpt":{"rendered":"<p>Encontre-nos Endere\u00e7oRua S\u00e3o Manuel 12, Botafogo \u2013 Rio de Janeiro \u2013 RJ ( Primeira Transversal \u00e0 direita da rua da Passagem ) Hor\u00e1rioO mesmo das Palestras P\u00fablicas Para maiores informa\u00e7\u00f5es envie um email para: atendimentoceace@gmail.com Tamb\u00e9m acompanhe a programa\u00e7\u00e3o de<\/p>\n","protected":false},"author":1,"featured_media":0,"parent":0,"menu_order":0,"comment_status":"closed","ping_status":"closed","template":"elementor_header_footer","meta":[],"_links":{"self":[{"href":"https:\/\/ceace.org.br\/index.php?rest_route=\/wp\/v2\/pages\/9"}],"collection":[{"href":"https:\/\/ceace.org.br\/index.php?rest_route=\/wp\/v2\/pages"}],"about":[{"href":"https:\/\/ceace.org.br\/index.php?rest_route=\/wp\/v2\/types\/page"}],"author":[{"embeddable":true,"href":"https:\/\/ceace.org.br\/index.php?rest_route=\/wp\/v2\/users\/1"}],"replies":[{"embeddable":true,"href":"https:\/\/ceace.org.br\/index.php?rest_route=%2Fwp%2Fv2%2Fcomments&post=9"}],"version-history":[{"count":8,"href":"https:\/\/ceace.org.br\/index.php?rest_route=\/wp\/v2\/pages\/9\/revisions"}],"predecessor-version":[{"id":1270,"href":"https:\/\/ceace.org.br\/index.php?rest_route=\/wp\/v2\/pages\/9\/revisions\/1270"}],"wp:attachment":[{"href":"https:\/\/ceace.org.br\/index.php?rest_route=%2Fwp%2Fv2%2Fmedia&parent=9"}],"curies":[{"name":"wp","href":"https:\/\/api.w.org\/{rel}","templated":true}]}}