{"id":64,"date":"2018-08-14T10:27:34","date_gmt":"2018-08-14T13:27:34","guid":{"rendered":"https:\/\/ceace.org.br\/?page_id=64"},"modified":"2018-08-14T13:11:15","modified_gmt":"2018-08-14T16:11:15","slug":"joao-batista-o-patrono-da-ceace","status":"publish","type":"page","link":"https:\/\/ceace.org.br\/?page_id=64","title":{"rendered":"Jo\u00e3o Batista &#8211; O patrono da CEACE"},"content":{"rendered":"\t\t<div class=\"elementor elementor-64\">\n\t\t\t<div class=\"elementor-inner\">\n\t\t\t\t<div class=\"elementor-section-wrap\">\n\t\t\t\t\t\t\t<section data-id=\"2228e5a\" class=\"elementor-element elementor-element-2228e5a elementor-section-boxed elementor-section-height-default elementor-section-height-default elementor-section elementor-top-section\" data-element_type=\"section\">\n\t\t\t\t\t\t<div class=\"elementor-container elementor-column-gap-default\">\n\t\t\t\t<div class=\"elementor-row\">\n\t\t\t\t<div data-id=\"9434b66\" class=\"elementor-element elementor-element-9434b66 elementor-column elementor-col-100 elementor-top-column\" data-element_type=\"column\">\n\t\t\t<div class=\"elementor-column-wrap elementor-element-populated\">\n\t\t\t\t\t<div class=\"elementor-widget-wrap\">\n\t\t\t\t<div data-id=\"c37a37b\" class=\"elementor-element elementor-element-c37a37b elementor-widget elementor-widget-text-editor\" data-element_type=\"text-editor.default\">\n\t\t\t\t<div class=\"elementor-widget-container\">\n\t\t\t\t\t<div class=\"elementor-text-editor elementor-clearfix\"><p dir=\"ltr\">O dia\u00a0<strong>24 de junho<\/strong>\u00a0\u00e9 especial para o CEACE, por ser a data em que festejamos o patrono de nossa amada Casa e por ser, tamb\u00e9m, a festa da mediunidade.\u00a0Sem d\u00favida, Jo\u00e3o Batista \u00e9 um dos mais belos s\u00edmbolo do Cristianismo, figura \u00edmpar no Novo Testamento : en\u00e9rgico, destemido, reencarna\u00e7\u00e3o do profeta Elias \u2013 que pregava , igualmente , o arrependimento e a reconcilia\u00e7\u00e3o.<\/p><p dir=\"ltr\">Os quatro Evangelistas do Novo Testamento : Marcos , Mateus , Lucas e Jo\u00e3o Evangelista , nos apresentam Jo\u00e3o Batista como sendo o \u201cbatedor\u201d de Jesus ; isto \u00e9 , aquele que O precedeu, explorando e preparando o terreno a fim de que a Autoridade pudesse atravess\u00e1-lo com mais seguran\u00e7a.<\/p><p dir=\"ltr\">Curiosamente , na Antiguidade , quando um rei viajava para lugares long\u00ednquos e pouco conhecidos de seu reino , enviava precursores com o fito de aplainarem o caminho e encherem as depress\u00f5es , de modo que o rei n\u00e3o encontrasse obst\u00e1culos , viajando com tranquilidade.<\/p><p dir=\"ltr\">Assim tamb\u00e9m ocorreu quando da vinda do Messias , do Cristo de Deus . Jesus enviou \u00e0 Terra precursores para preparar o povo para receb\u00ea-Lo . Jo\u00e3o Batista \u00a0foi um deles :\u00a0\u00a0 \u00a0\u201cEis que eu vou enviar o meu mensageiro a fim de que ele prepare o meu caminho&#8230;\u201d \u00a0\u00a0(Malaquias, III:1 \u2013 V.T.)<\/p><\/div>\n\t\t\t\t<\/div>\n\t\t\t\t<\/div>\n\t\t\t\t<div data-id=\"f5a3ba7\" class=\"elementor-element elementor-element-f5a3ba7 elementor-widget elementor-widget-testimonial\" data-element_type=\"testimonial.default\">\n\t\t\t\t<div class=\"elementor-widget-container\">\n\t\t\t\t\t<div class=\"elementor-testimonial-wrapper elementor-testimonial-text-align-center\">\n\t\t\t\t\t\t\t<div class=\"elementor-testimonial-content\">\u201cTodo vale ser\u00e1 exaltado , e todo monte e todo outeiro ser\u00e3o abatidos ; e o que est\u00e1 torcido se endireitar\u00e1 , e o que \u00e9 \u00e1spero se aplainar\u00e1 .\u201d<\/div>\n\t\t\t\n\t\t\t\t\t\t<div class=\"elementor-testimonial-meta\">\n\t\t\t\t<div class=\"elementor-testimonial-meta-inner\">\n\t\t\t\t\t\n\t\t\t\t\t\t\t\t\t\t<div class=\"elementor-testimonial-details\">\n\t\t\t\t\t\t\t\t\t\t\t\t\t<div class=\"elementor-testimonial-name\">Isa\u00edas<\/div>\n\t\t\t\t\t\t\t\t\t\t\t\t\t\t\t\t\t\t\t<div class=\"elementor-testimonial-job\">XL:4 - V.T<\/div>\n\t\t\t\t\t\t\t\t\t\t\t<\/div>\n\t\t\t\t\t\t\t\t\t<\/div>\n\t\t\t<\/div>\n\t\t\t\t\t<\/div>\n\t\t\t\t<\/div>\n\t\t\t\t<\/div>\n\t\t\t\t<div data-id=\"b43ec61\" class=\"elementor-element elementor-element-b43ec61 elementor-widget elementor-widget-text-editor\" data-element_type=\"text-editor.default\">\n\t\t\t\t<div class=\"elementor-widget-container\">\n\t\t\t\t\t<div class=\"elementor-text-editor elementor-clearfix\"><p dir=\"ltr\">E cumprindo as profecias do Velho Testamento , Jo\u00e3o Batista veio antes de Jesus e deu esperan\u00e7a aos humildes , abateu os orgulhosos , corrigiu os desvios e abrandou os agressivos.<\/p><p dir=\"ltr\">No Novo Testamento , os Evangelistas , antes de falarem da miss\u00e3o de Jesus na Terra , narram o nascimento , o surgimento e a saga de Jo\u00e3o Batista na Palestina ; anunciando ao povo que o Messias chegaria em breve e que todos se preparassem , espiritualmente , para receb\u00ea-Lo.<\/p><p dir=\"ltr\">Tudo na vida de Jo\u00e3o Batista transcorrera de modo incomum . O ber\u00e7o lhe fora oferecido em circunst\u00e2ncias transcedentais . Seus pais receberam-no , quando j\u00e1 n\u00e3o o esperavam . O encontro de sua m\u00e3e , Isabel , com a prima Maria , m\u00e3e de Jesus , ainda gr\u00e1vidas , e a rea\u00e7\u00e3o daqueles Esp\u00edritos que se reconheceram e se rejubilaram \u00a0nos ventres maternos , antes mesmo de verem a luz do planeta Terra . \u00a0(Lc., I:39 a 56.) . Conheciam os fatos narrados pelo pr\u00f3prio pai Zacarias . (Lc. Pr\u00f3logo, 5 a 25 e 57 a 80.)<\/p><p dir=\"ltr\">Aquele homem de apar\u00eancia rude , em trajes de p\u00ealo de camelo e um cinto de couro em volta da cintura , que alimentava-se de gafanhotos e mel silvestre , intrigava saduceus e fariseus com sua desassombrada coragem ; inquietava sacerdotes e reis com sua destemida l\u00edngua .<\/p><p dir=\"ltr\">Isabel , sua m\u00e3e , se espantava com o temperamento de Jo\u00e3o , dado \u00e0s mais profundas medita\u00e7\u00f5es , desde tenra idade .<\/p><p dir=\"ltr\">Ao seguir para o deserto , vestiu-se como o antigo profeta Elias . Havia cinco s\u00e9culos que as vozes dos profetas haviam se calado e uma preocupa\u00e7\u00e3o geral dominava os cora\u00e7\u00f5es . E Jo\u00e3o se sentia a voz que clama no deserto a preparar os caminhos do Senhor. Seria ele um profeta ? Ou seria ele o Messias anunciado nas Sagradas Escrituras ?<\/p><p dir=\"ltr\">\u00a0\u201cArrependei-vos , dizia , porque est\u00e1 pr\u00f3ximo o reino dos c\u00e9us . Foi deste que falou o profeta Isa\u00edas , quando disse :<\/p><p dir=\"ltr\">&#8211; Uma voz grita no deserto : Preparai o caminho do Senhor , endireitai as Suas veredas .\u201d \u00a0\u00a0\u00a0(Mt., III: 2 e 3.)<\/p><p dir=\"ltr\">Jo\u00e3o pregou e batizou , at\u00e9 que da Galil\u00e9ia veio Jesus ter com ele , no Jord\u00e3o para ser batizado . Quando Jo\u00e3o v\u00ea Jesus descer a borda do rio Jord\u00e3o para ser batizado por ele , grita para que todos o ou\u00e7am:<\/p><p dir=\"ltr\">\u00a0\u201cEste \u00e9 de quem eu dizia : ap\u00f3s mim vem um que \u00e9 maior que eu , porque existia antes de mim . N\u00e3o o conhecia eu ; mas , para o tornar conhecido em Israel , \u00e9 que vim com o batismo da \u00e1gua&#8230;\u201d \u00a0(Jo\u00e3o, I:30 e 31.)<\/p><p dir=\"ltr\">Jo\u00e3o , o Precursor do Cristo de Deus , foi chamado o Batista (= o que batiza), por ter sido ele a introduzir e popularizar a pr\u00e1tica do batismo pela \u00e1gua entre o povo judeu . A imers\u00e3o purificadora era utilizada por diferentes seitas dos povos da Antiguidade , com a finalidade de preparar o crente para o culto a uma divindade . E como estava escrito nas Escrituras Sagradas , que Jo\u00e3o tinha a miss\u00e3o de anunciar a vinda de Jesus e preparar as pessoas para O receberem ; e , como ele propunha uma renova\u00e7\u00e3o moral , \u00e0queles que o atendiam , batizava-os , fazendo-os mergulhar nas \u00e1guas do rio Jord\u00e3o . Era uma pr\u00e1tica simb\u00f3lica que significava o arrependimento e o prop\u00f3sito de corrigir-se , ficando , ent\u00e3o , a pessoa \u201clavada\u201d de suas imperfei\u00e7\u00f5es . Jo\u00e3o s\u00f3 batizava adultos , pois estes j\u00e1 sabiam discernir o certo e o errado .<\/p><p dir=\"ltr\">Jesus n\u00e3o batizava , quem o fazia , eram alguns disc\u00edpulos de Jo\u00e3o . Mas , convivendo com Jesus , logo abandonaram essa pr\u00e1tica exterior , pois a verdadeira convers\u00e3o se faz no cora\u00e7\u00e3o .<\/p><p dir=\"ltr\">Ao batizar Jesus no rio Jord\u00e3o , Jo\u00e3o teve uma vis\u00e3o e ouviu uma voz :<\/p><\/div>\n\t\t\t\t<\/div>\n\t\t\t\t<\/div>\n\t\t\t\t<div data-id=\"3966736\" class=\"elementor-element elementor-element-3966736 elementor-widget elementor-widget-testimonial\" data-element_type=\"testimonial.default\">\n\t\t\t\t<div class=\"elementor-widget-container\">\n\t\t\t\t\t<div class=\"elementor-testimonial-wrapper elementor-testimonial-text-align-center\">\n\t\t\t\t\t\t\t<div class=\"elementor-testimonial-content\">\u201cEste \u00e9 o Meu Filho muito amado , no Qual pus toda a minha complac\u00eancia.\u201d<\/div>\n\t\t\t\n\t\t\t\t\t\t<div class=\"elementor-testimonial-meta\">\n\t\t\t\t<div class=\"elementor-testimonial-meta-inner\">\n\t\t\t\t\t\n\t\t\t\t\t\t\t\t\t\t<div class=\"elementor-testimonial-details\">\n\t\t\t\t\t\t\t\t\t\t\t\t\t<div class=\"elementor-testimonial-name\">Mt<\/div>\n\t\t\t\t\t\t\t\t\t\t\t\t\t\t\t\t\t\t\t<div class=\"elementor-testimonial-job\">III: 1 7<\/div>\n\t\t\t\t\t\t\t\t\t\t\t<\/div>\n\t\t\t\t\t\t\t\t\t<\/div>\n\t\t\t<\/div>\n\t\t\t\t\t<\/div>\n\t\t\t\t<\/div>\n\t\t\t\t<\/div>\n\t\t\t\t<div data-id=\"9159995\" class=\"elementor-element elementor-element-9159995 elementor-widget elementor-widget-text-editor\" data-element_type=\"text-editor.default\">\n\t\t\t\t<div class=\"elementor-widget-container\">\n\t\t\t\t\t<div class=\"elementor-text-editor elementor-clearfix\"><p dir=\"ltr\">Este era o sinal que Jo\u00e3o aguardava para reconhecer o Messias . A partir de ent\u00e3o testemunhava : \u201cEis o cordeiro de Deus , que tira o pecado do mundo.\u201d (Jo\u00e3o, I:29.)<\/p><p dir=\"ltr\">Logo , o batismo de Jesus por Jo\u00e3o teve dois significados :<\/p><\/div>\n\t\t\t\t<\/div>\n\t\t\t\t<\/div>\n\t\t\t\t<div data-id=\"990e68c\" class=\"elementor-element elementor-element-990e68c elementor-widget elementor-widget-icon-list\" data-element_type=\"icon-list.default\">\n\t\t\t\t<div class=\"elementor-widget-container\">\n\t\t\t\t\t<ul class=\"elementor-icon-list-items\">\n\t\t\t\t\t\t\t<li class=\"elementor-icon-list-item\" >\n\t\t\t\t\t\t\t\t\t\t\t<span class=\"elementor-icon-list-icon\">\n\t\t\t\t\t\t\t<i class=\"fa fa-dot-circle-o\" aria-hidden=\"true\"><\/i>\n\t\t\t\t\t\t<\/span>\n\t\t\t\t\t\t\t\t\t\t<span class=\"elementor-icon-list-text\">Cumprir o que diziam as Escrituras Sagradas sobre a vinda do Messias .<\/span>\n\t\t\t\t\t\t\t\t\t<\/li>\n\t\t\t\t\t\t\t\t<li class=\"elementor-icon-list-item\" >\n\t\t\t\t\t\t\t\t\t\t\t<span class=\"elementor-icon-list-icon\">\n\t\t\t\t\t\t\t<i class=\"fa fa-dot-circle-o\" aria-hidden=\"true\"><\/i>\n\t\t\t\t\t\t<\/span>\n\t\t\t\t\t\t\t\t\t\t<span class=\"elementor-icon-list-text\">Ser o sinal de que a miss\u00e3o de Jo\u00e3o terminava e de que o minist\u00e9rio de Jesus teria in\u00edcio .<\/span>\n\t\t\t\t\t\t\t\t\t<\/li>\n\t\t\t\t\t\t<\/ul>\n\t\t\t\t<\/div>\n\t\t\t\t<\/div>\n\t\t\t\t<div data-id=\"634177a\" class=\"elementor-element elementor-element-634177a elementor-widget elementor-widget-testimonial\" data-element_type=\"testimonial.default\">\n\t\t\t\t<div class=\"elementor-widget-container\">\n\t\t\t\t\t<div class=\"elementor-testimonial-wrapper elementor-testimonial-text-align-center\">\n\t\t\t\t\t\t\t<div class=\"elementor-testimonial-content\">\u201c- Jo\u00e3o : \u00c9 preciso que eu diminua , para que o Enviado de Deus cres\u00e7a .\u201d<\/div>\n\t\t\t\n\t\t\t\t\t\t<div class=\"elementor-testimonial-meta\">\n\t\t\t\t<div class=\"elementor-testimonial-meta-inner\">\n\t\t\t\t\t\n\t\t\t\t\t\t\t\t\t\t<div class=\"elementor-testimonial-details\">\n\t\t\t\t\t\t\t\t\t\t\t\t\t<div class=\"elementor-testimonial-name\">Jo\u00e3o<\/div>\n\t\t\t\t\t\t\t\t\t\t\t\t\t\t\t\t\t\t\t<div class=\"elementor-testimonial-job\">III: 30<\/div>\n\t\t\t\t\t\t\t\t\t\t\t<\/div>\n\t\t\t\t\t\t\t\t\t<\/div>\n\t\t\t<\/div>\n\t\t\t\t\t<\/div>\n\t\t\t\t<\/div>\n\t\t\t\t<\/div>\n\t\t\t\t<div data-id=\"3851299\" class=\"elementor-element elementor-element-3851299 elementor-widget elementor-widget-text-editor\" data-element_type=\"text-editor.default\">\n\t\t\t\t<div class=\"elementor-widget-container\">\n\t\t\t\t\t<div class=\"elementor-text-editor elementor-clearfix\"><p dir=\"ltr\">Jesus ainda n\u00e3o se manifestara publicamente , nem produzira fen\u00f4menos,\u00a0por\u00e9m, ante a indica\u00e7\u00e3o de Jo\u00e3o , muitos come\u00e7aram a segui-Lo , inclusive alguns dos seus disc\u00edpulos.<\/p><p dir=\"ltr\">A saga desse Esp\u00edrito \u00edmpar , por quem Jesus revela tanto carinho,\u00a0admira\u00e7\u00e3o e respeito nos comove por sua rude beleza :<\/p><\/div>\n\t\t\t\t<\/div>\n\t\t\t\t<\/div>\n\t\t\t\t<div data-id=\"87e128c\" class=\"elementor-element elementor-element-87e128c elementor-widget elementor-widget-testimonial\" data-element_type=\"testimonial.default\">\n\t\t\t\t<div class=\"elementor-widget-container\">\n\t\t\t\t\t<div class=\"elementor-testimonial-wrapper elementor-testimonial-text-align-center\">\n\t\t\t\t\t\t\t<div class=\"elementor-testimonial-content\">\u201cEm verdade vos digo : Entre os nascidos de mulher n\u00e3o apareceu ningu\u00e9m maior que Jo\u00e3o Batista...\u201d (<\/div>\n\t\t\t\n\t\t\t\t\t\t<div class=\"elementor-testimonial-meta\">\n\t\t\t\t<div class=\"elementor-testimonial-meta-inner\">\n\t\t\t\t\t\n\t\t\t\t\t\t\t\t\t\t<div class=\"elementor-testimonial-details\">\n\t\t\t\t\t\t\t\t\t\t\t\t\t<div class=\"elementor-testimonial-name\">Jesus<\/div>\n\t\t\t\t\t\t\t\t\t\t\t\t\t\t\t\t\t\t\t<div class=\"elementor-testimonial-job\">Lc., VII: 28<\/div>\n\t\t\t\t\t\t\t\t\t\t\t<\/div>\n\t\t\t\t\t\t\t\t\t<\/div>\n\t\t\t<\/div>\n\t\t\t\t\t<\/div>\n\t\t\t\t<\/div>\n\t\t\t\t<\/div>\n\t\t\t\t<div data-id=\"a8cf1c9\" class=\"elementor-element elementor-element-a8cf1c9 elementor-widget elementor-widget-text-editor\" data-element_type=\"text-editor.default\">\n\t\t\t\t<div class=\"elementor-widget-container\">\n\t\t\t\t\t<div class=\"elementor-text-editor elementor-clearfix\"><p dir=\"ltr\">Ap\u00f3s o batismo de Jesus , Jo\u00e3o continuou a pregar com ardor contra a\u00a0degenera\u00e7\u00e3o moral e foi visitar o Tetrarca , sem temer , condenou-lhe a conduta , diante de todos . \u00c9 preso e durante dez meses permanece em cativeiro na fortaleza sombria de Maqueronte , na Per\u00e9ia . N\u00e3o sofreu supl\u00edcio , mas encontrava-se isolado dos disc\u00edpulos amados . Sofria o amargor da puni\u00e7\u00e3o ind\u00e9bita ; mas seu Esp\u00edrito estava preparado para o testemunho . Em 29 de mar\u00e7o , quando Herodes \u00c2ntipas comemora seu anivers\u00e1rio , Salom\u00e9 , ap\u00f3s dan\u00e7ar luxuriosamente para o rei e seus convivas , instigada por Herod\u00edades , sua m\u00e3e \u2013 que se sentira desmoralizada diante da ral\u00e9 e do pr\u00f3prio rei , pelas palavras contundentes de Jo\u00e3o Batista \u2013 , pede a Herodes \u00c2ntipas a cabe\u00e7a de Jo\u00e3o .<\/p><p dir=\"ltr\">E naquela nost\u00e1lgica e solit\u00e1ria noite , depois de haver rememorado a\u00a0trajet\u00f3ria de sua exist\u00eancia , fita o carrasco \u00a0que se aproxima , sentindo a hora do testemunho , e faz soar firme sua voz :<\/p><\/div>\n\t\t\t\t<\/div>\n\t\t\t\t<\/div>\n\t\t\t\t<div data-id=\"5985135\" class=\"elementor-element elementor-element-5985135 elementor-widget elementor-widget-testimonial\" data-element_type=\"testimonial.default\">\n\t\t\t\t<div class=\"elementor-widget-container\">\n\t\t\t\t\t<div class=\"elementor-testimonial-wrapper elementor-testimonial-text-align-center\">\n\t\t\t\t\t\t\t<div class=\"elementor-testimonial-content\">\u201c- Estou pronto .\u201d<br>\n\u201cAjoelhou-se sobre a imunda palha e curvou a cabe\u00e7a para baixo . E num baque surdo a cabe\u00e7a do Precursor rolou no piso de pedra.\u201d<br>\n\u201cA m\u00fasica voltou a soar e , rodopiando , com uma bandeja de prata na m\u00e3o espalmada , Salom\u00e9 entregou a Herod\u00edades o trof\u00e9u : a cabe\u00e7a decepada de Jo\u00e3o Batista .\u201d  <\/div>\n\t\t\t\n\t\t\t\t\t\t<div class=\"elementor-testimonial-meta\">\n\t\t\t\t<div class=\"elementor-testimonial-meta-inner\">\n\t\t\t\t\t\n\t\t\t\t\t\t\t\t\t\t<div class=\"elementor-testimonial-details\">\n\t\t\t\t\t\t\t\t\t\t\t\t\t<div class=\"elementor-testimonial-name\">Am\u00e9lia Rodrigues\/Divaldo Pereira Franco<\/div>\n\t\t\t\t\t\t\t\t\t\t\t\t\t\t\t\t\t\t\t<div class=\"elementor-testimonial-job\">Prim\u00edcias do Reino. Cap.2 , O Precursor , LEAL , 1994 , BahiaLc., VII: 28<\/div>\n\t\t\t\t\t\t\t\t\t\t\t<\/div>\n\t\t\t\t\t\t\t\t\t<\/div>\n\t\t\t<\/div>\n\t\t\t\t\t<\/div>\n\t\t\t\t<\/div>\n\t\t\t\t<\/div>\n\t\t\t\t<div data-id=\"e882c2b\" class=\"elementor-element elementor-element-e882c2b elementor-widget elementor-widget-text-editor\" data-element_type=\"text-editor.default\">\n\t\t\t\t<div class=\"elementor-widget-container\">\n\t\t\t\t\t<div class=\"elementor-text-editor elementor-clearfix\"><p dir=\"ltr\">Jo\u00e3o , Elias reencarnado , resgatava o crime cometido \u00e0s margens do rio Quizom , quando mandara decepar a cabe\u00e7a dos adoradores do deus Baal ; e livre , miss\u00e3o cumprida , ascendia , agora , aos cimos .<\/p><p dir=\"ltr\">Jo\u00e3o Batista era a verdade , e a verdade , na sua tarefa de aperfei\u00e7oar , dilacera e magoa , deixando-se levar aos sacrif\u00edcios extremos .<\/p><p dir=\"ltr\">Herodes e Herod\u00edades representam o convencionalismo pol\u00edtico e o interesse particular .<\/p><p dir=\"ltr\">Salom\u00e9 representa a futilidade do mundo .<\/p><p dir=\"ltr\">Mas , Jo\u00e3o Batista ressurge espiritualmente , na transfigura\u00e7\u00e3o de Jesus , no Monte Tabor , quando , materializados , aparecem Jo\u00e3o como Elias , ao lado de Mois\u00e9s , conversando com Jesus sobre Seu pr\u00f3ximo desencarne , em Jerusal\u00e9m . Ap\u00f3s o ocorrido , os ap\u00f3stolos Pedro , Tiago Maior\u00a0e Jo\u00e3o Evangelista indagam de Jesus se Elias n\u00e3o deveria vir primeiro , pois permanecia ainda no mundo espiritual , ao que Jesus lhes esclarece :<\/p><\/div>\n\t\t\t\t<\/div>\n\t\t\t\t<\/div>\n\t\t\t\t<div data-id=\"c51509a\" class=\"elementor-element elementor-element-c51509a elementor-widget elementor-widget-testimonial\" data-element_type=\"testimonial.default\">\n\t\t\t\t<div class=\"elementor-widget-container\">\n\t\t\t\t\t<div class=\"elementor-testimonial-wrapper elementor-testimonial-text-align-center\">\n\t\t\t\t\t\t\t<div class=\"elementor-testimonial-content\">\u201cSim , Elias h\u00e1 de vir e restabelecer\u00e1 todas as coisas.<br>\nEu , por\u00e9m , digo-vos : Elias j\u00e1 veio e n\u00e3o o reconheceram ; trataram-no como quiseram . E os disc\u00edpulos entenderam que Elias era Jo\u00e3o reencarnado .\u201d <\/div>\n\t\t\t\n\t\t\t\t\t\t<div class=\"elementor-testimonial-meta\">\n\t\t\t\t<div class=\"elementor-testimonial-meta-inner\">\n\t\t\t\t\t\n\t\t\t\t\t\t\t\t\t\t<div class=\"elementor-testimonial-details\">\n\t\t\t\t\t\t\t\t\t\t\t\t\t<div class=\"elementor-testimonial-name\">Mt<\/div>\n\t\t\t\t\t\t\t\t\t\t\t\t\t\t\t\t\t\t\t<div class=\"elementor-testimonial-job\">XVIII: 11<\/div>\n\t\t\t\t\t\t\t\t\t\t\t<\/div>\n\t\t\t\t\t\t\t\t\t<\/div>\n\t\t\t<\/div>\n\t\t\t\t\t<\/div>\n\t\t\t\t<\/div>\n\t\t\t\t<\/div>\n\t\t\t\t\t\t<\/div>\n\t\t\t<\/div>\n\t\t<\/div>\n\t\t\t\t\t\t<\/div>\n\t\t\t<\/div>\n\t\t<\/section>\n\t\t\t\t\t\t<\/div>\n\t\t\t<\/div>\n\t\t<\/div>\n\t\t","protected":false},"excerpt":{"rendered":"<p>O dia\u00a024 de junho\u00a0\u00e9 especial para o CEACE, por ser a data em que festejamos o patrono de nossa amada Casa e por ser, tamb\u00e9m, a festa da mediunidade.\u00a0Sem d\u00favida, Jo\u00e3o Batista \u00e9 um dos mais belos s\u00edmbolo do Cristianismo,<\/p>\n","protected":false},"author":1,"featured_media":0,"parent":0,"menu_order":0,"comment_status":"closed","ping_status":"closed","template":"elementor_header_footer","meta":[],"_links":{"self":[{"href":"https:\/\/ceace.org.br\/index.php?rest_route=\/wp\/v2\/pages\/64"}],"collection":[{"href":"https:\/\/ceace.org.br\/index.php?rest_route=\/wp\/v2\/pages"}],"about":[{"href":"https:\/\/ceace.org.br\/index.php?rest_route=\/wp\/v2\/types\/page"}],"author":[{"embeddable":true,"href":"https:\/\/ceace.org.br\/index.php?rest_route=\/wp\/v2\/users\/1"}],"replies":[{"embeddable":true,"href":"https:\/\/ceace.org.br\/index.php?rest_route=%2Fwp%2Fv2%2Fcomments&post=64"}],"version-history":[{"count":7,"href":"https:\/\/ceace.org.br\/index.php?rest_route=\/wp\/v2\/pages\/64\/revisions"}],"predecessor-version":[{"id":112,"href":"https:\/\/ceace.org.br\/index.php?rest_route=\/wp\/v2\/pages\/64\/revisions\/112"}],"wp:attachment":[{"href":"https:\/\/ceace.org.br\/index.php?rest_route=%2Fwp%2Fv2%2Fmedia&parent=64"}],"curies":[{"name":"wp","href":"https:\/\/api.w.org\/{rel}","templated":true}]}}