{"id":270,"date":"2018-09-05T11:50:51","date_gmt":"2018-09-05T14:50:51","guid":{"rendered":"https:\/\/ceace.org.br\/?page_id=270"},"modified":"2026-01-08T10:47:59","modified_gmt":"2026-01-08T12:47:59","slug":"cursos","status":"publish","type":"page","link":"https:\/\/ceace.org.br\/?page_id=270","title":{"rendered":"Cursos"},"content":{"rendered":"\t\t<div class=\"elementor elementor-270\">\n\t\t\t<div class=\"elementor-inner\">\n\t\t\t\t<div class=\"elementor-section-wrap\">\n\t\t\t\t\t\t\t<section data-id=\"a672673\" class=\"elementor-element elementor-element-a672673 elementor-section-boxed elementor-section-height-default elementor-section-height-default elementor-section elementor-top-section\" data-element_type=\"section\">\n\t\t\t\t\t\t<div class=\"elementor-container elementor-column-gap-default\">\n\t\t\t\t<div class=\"elementor-row\">\n\t\t\t\t<div data-id=\"1c082cc\" class=\"elementor-element elementor-element-1c082cc elementor-column elementor-col-100 elementor-top-column\" data-element_type=\"column\">\n\t\t\t<div class=\"elementor-column-wrap elementor-element-populated\">\n\t\t\t\t\t<div class=\"elementor-widget-wrap\">\n\t\t\t\t<div data-id=\"746226c\" class=\"elementor-element elementor-element-746226c elementor-tabs-view-vertical elementor-widget elementor-widget-tabs\" data-element_type=\"tabs.default\">\n\t\t\t\t<div class=\"elementor-widget-container\">\n\t\t\t\t\t<div class=\"elementor-tabs\" role=\"tablist\">\n\t\t\t<div class=\"elementor-tabs-wrapper\">\n\t\t\t\t\t\t\t\t\t<div id=\"elementor-tab-title-1221\" class=\"elementor-tab-title elementor-tab-desktop-title\" data-tab=\"1\" tabindex=\"1221\" role=\"tab\" aria-controls=\"elementor-tab-content-1221\">Cursos no CEACE<\/div>\n\t\t\t\t\t\t\t<\/div>\n\t\t\t<div class=\"elementor-tabs-content-wrapper\">\n\t\t\t\t\t\t\t\t\t<div class=\"elementor-tab-title elementor-tab-mobile-title\" tabindex=\"1221\" data-tab=\"1\" role=\"tab\">Cursos no CEACE<\/div>\n\t\t\t\t\t<div id=\"elementor-tab-content-1221\" class=\"elementor-tab-content elementor-clearfix\" data-tab=\"1\" role=\"tabpanel\" aria-labelledby=\"elementor-tab-title-1221\"><p>Todos os cursos oferecidos em nossa casa tem o prop\u00f3sito de formar trabalhadores sob a luz da Doutrina Esp\u00edrita<\/p><p><span style=\"text-decoration: underline;\"><strong>Nossos cursos:<\/strong><\/span><\/p><p>Neste momento n\u00e3o estamos oferencendo cursos. Em breve maiores informa\u00e7\u00f5es. Para aprofundamento da Doutrina Esp\u00edrita oferecemos o <a href=\"https:\/\/ceace.org.br\/?page_id=141\">ESDE &#8211; Estudo Sistematizado da Doutrina Esp\u00edrita<\/a> e o <a href=\"https:\/\/ceace.org.br\/?page_id=141\">ECDE &#8211; Estudo Continuado da Doutrina Esp\u00edrita.<\/a><\/p><\/div>\n\t\t\t\t\t\t\t<\/div>\n\t\t<\/div>\n\t\t\t\t<\/div>\n\t\t\t\t<\/div>\n\t\t\t\t\t\t<\/div>\n\t\t\t<\/div>\n\t\t<\/div>\n\t\t\t\t\t\t<\/div>\n\t\t\t<\/div>\n\t\t<\/section>\n\t\t\t\t\t\t<\/div>\n\t\t\t<\/div>\n\t\t<\/div>\n\t\t","protected":false},"excerpt":{"rendered":"<p>Cursos no CEACE Cursos no CEACE Todos os cursos oferecidos em nossa casa tem o prop\u00f3sito de formar trabalhadores sob a luz da Doutrina Esp\u00edrita Nossos cursos: Neste momento n\u00e3o estamos oferencendo cursos. Em breve maiores informa\u00e7\u00f5es. Para aprofundamento da<\/p>\n","protected":false},"author":1,"featured_media":0,"parent":0,"menu_order":0,"comment_status":"closed","ping_status":"closed","template":"elementor_header_footer","meta":[],"_links":{"self":[{"href":"https:\/\/ceace.org.br\/index.php?rest_route=\/wp\/v2\/pages\/270"}],"collection":[{"href":"https:\/\/ceace.org.br\/index.php?rest_route=\/wp\/v2\/pages"}],"about":[{"href":"https:\/\/ceace.org.br\/index.php?rest_route=\/wp\/v2\/types\/page"}],"author":[{"embeddable":true,"href":"https:\/\/ceace.org.br\/index.php?rest_route=\/wp\/v2\/users\/1"}],"replies":[{"embeddable":true,"href":"https:\/\/ceace.org.br\/index.php?rest_route=%2Fwp%2Fv2%2Fcomments&post=270"}],"version-history":[{"count":27,"href":"https:\/\/ceace.org.br\/index.php?rest_route=\/wp\/v2\/pages\/270\/revisions"}],"predecessor-version":[{"id":1294,"href":"https:\/\/ceace.org.br\/index.php?rest_route=\/wp\/v2\/pages\/270\/revisions\/1294"}],"wp:attachment":[{"href":"https:\/\/ceace.org.br\/index.php?rest_route=%2Fwp%2Fv2%2Fmedia&parent=270"}],"curies":[{"name":"wp","href":"https:\/\/api.w.org\/{rel}","templated":true}]}}