{"id":245,"date":"2018-08-23T12:57:30","date_gmt":"2018-08-23T15:57:30","guid":{"rendered":"https:\/\/ceace.org.br\/?page_id=245"},"modified":"2022-03-29T15:31:44","modified_gmt":"2022-03-29T18:31:44","slug":"art","status":"publish","type":"page","link":"https:\/\/ceace.org.br\/?page_id=245","title":{"rendered":"Artigos JMF"},"content":{"rendered":"\t\t<div class=\"elementor elementor-245\">\n\t\t\t<div class=\"elementor-inner\">\n\t\t\t\t<div class=\"elementor-section-wrap\">\n\t\t\t\t\t\t\t<section data-id=\"23b7954\" class=\"elementor-element elementor-element-23b7954 elementor-section-boxed elementor-section-height-default elementor-section-height-default elementor-section elementor-top-section\" data-element_type=\"section\">\n\t\t\t\t\t\t<div class=\"elementor-container elementor-column-gap-default\">\n\t\t\t\t<div class=\"elementor-row\">\n\t\t\t\t<div data-id=\"de3918d\" class=\"elementor-element elementor-element-de3918d elementor-column elementor-col-100 elementor-top-column\" data-element_type=\"column\">\n\t\t\t<div class=\"elementor-column-wrap elementor-element-populated\">\n\t\t\t\t\t<div class=\"elementor-widget-wrap\">\n\t\t\t\t<div data-id=\"9644ea4\" class=\"elementor-element elementor-element-9644ea4 elementor-widget elementor-widget-lae-posts-carousel\" data-element_type=\"lae-posts-carousel.default\">\n\t\t\t\t<div class=\"elementor-widget-container\">\n\t\t\t<div id=\"lae-posts-carousel-69d0bd6440842\" class=\"lae-posts-carousel lae-container\" data-settings='{\"arrows\":true,\"dots\":false,\"autoplay\":false,\"autoplay_speed\":3000,\"animation_speed\":300,\"pause_on_hover\":true,\"display_columns\":3,\"scroll_columns\":3,\"gutter\":10,\"tablet_width\":800,\"tablet_display_columns\":2,\"tablet_scroll_columns\":2,\"tablet_gutter\":10,\"mobile_width\":480,\"mobile_display_columns\":1,\"mobile_scroll_columns\":1,\"mobile_gutter\":10}'><div data-id=\"id-168\" class=\"lae-posts-carousel-item\"><article id=\"post-168\" class=\"post-245 page type-page status-publish hentry\"><div class=\"lae-project-image\"><a href=\"https:\/\/ceace.org.br\/?p=168\"><img width=\"248\" height=\"194\" src=\"https:\/\/ceace.org.br\/wp-content\/uploads\/2022\/03\/trabalho-em-equipe.jpg\" class=\"lae-image attachment-large size-large\" alt=\"\" loading=\"lazy\" \/><\/a><div class=\"lae-image-info\"><div class=\"lae-entry-info\"><h3 class=\"lae-post-title\"><a href=\"https:\/\/ceace.org.br\/?p=168\" title=\"Editorial JMF\" rel=\"bookmark\">Editorial JMF<\/a><\/h3><span class=\"lae-terms\"><a href=\"https:\/\/ceace.org.br\/?cat=5\">Artigos<\/a><\/span><\/div><\/div><!-- .lae-image-info --><\/div><div class=\"lae-entry-text-wrap \"><h3 class=\"entry-title\"><a href=\"https:\/\/ceace.org.br\/?p=168\" title=\"Editorial JMF\" rel=\"bookmark\">Editorial JMF<\/a><\/h3><div class=\"entry-summary\">Primeiramente n\u00f3s da Diretoria desejamos a todos os habitantes deste planeta muita paz, amor e pensamentos elevados neste momento de turbul\u00eancia terrena. Nestes tempos de pandemia aprendemos a colocar em pr\u00e1tica um dos maiores ensinamentos da Doutrina Esp\u00edrita que \u00e9<\/div><\/div><\/article><!-- .hentry --><\/div><!-- .lae-posts-carousel-item --><div data-id=\"id-165\" class=\"lae-posts-carousel-item\"><article id=\"post-165\" class=\"post-245 page type-page status-publish hentry\"><div class=\"lae-project-image\"><a href=\"https:\/\/ceace.org.br\/?p=165\"><img width=\"150\" height=\"150\" src=\"https:\/\/ceace.org.br\/wp-content\/uploads\/2025\/10\/Foto-almoco-fraterno-2025-150x150-1.jpg\" class=\"lae-image attachment-large size-large\" alt=\"\" loading=\"lazy\" srcset=\"https:\/\/ceace.org.br\/wp-content\/uploads\/2025\/10\/Foto-almoco-fraterno-2025-150x150-1.jpg 150w, https:\/\/ceace.org.br\/wp-content\/uploads\/2025\/10\/Foto-almoco-fraterno-2025-150x150-1-65x65.jpg 65w\" sizes=\"(max-width: 150px) 100vw, 150px\" \/><\/a><div class=\"lae-image-info\"><div class=\"lae-entry-info\"><h3 class=\"lae-post-title\"><a href=\"https:\/\/ceace.org.br\/?p=165\" title=\"Evento Fraterno\" rel=\"bookmark\">Evento Fraterno<\/a><\/h3><span class=\"lae-terms\"><a href=\"https:\/\/ceace.org.br\/?cat=5\">Artigos<\/a><\/span><\/div><\/div><!-- .lae-image-info --><\/div><div class=\"lae-entry-text-wrap \"><h3 class=\"entry-title\"><a href=\"https:\/\/ceace.org.br\/?p=165\" title=\"Evento Fraterno\" rel=\"bookmark\">Evento Fraterno<\/a><\/h3><div class=\"entry-summary\">ALMO\u00c7O FRATERNO REALIZADO EM MAIO DE 2025 Muitas alegrias, reencontro e acolhimento no almo\u00e7o fraterno, desta vez realizado em nossa casa, o CEACE. Passamos uma tarde de domingo com muitas conversas, abra\u00e7os e um nhoque delicioso preparado com carinho pelas<\/div><\/div><\/article><!-- .hentry --><\/div><!-- .lae-posts-carousel-item --><div data-id=\"id-162\" class=\"lae-posts-carousel-item\"><article id=\"post-162\" class=\"post-245 page type-page status-publish hentry\"><div class=\"lae-project-image\"><a href=\"https:\/\/ceace.org.br\/?p=162\"><img width=\"750\" height=\"350\" src=\"https:\/\/ceace.org.br\/wp-content\/uploads\/2018\/08\/CEACE-Festa-Junina-2023-1024x478.jpeg\" class=\"lae-image attachment-large size-large\" alt=\"\" loading=\"lazy\" srcset=\"https:\/\/ceace.org.br\/wp-content\/uploads\/2018\/08\/CEACE-Festa-Junina-2023-1024x478.jpeg 1024w, https:\/\/ceace.org.br\/wp-content\/uploads\/2018\/08\/CEACE-Festa-Junina-2023-300x140.jpeg 300w, https:\/\/ceace.org.br\/wp-content\/uploads\/2018\/08\/CEACE-Festa-Junina-2023-768x359.jpeg 768w, https:\/\/ceace.org.br\/wp-content\/uploads\/2018\/08\/CEACE-Festa-Junina-2023-1536x717.jpeg 1536w, https:\/\/ceace.org.br\/wp-content\/uploads\/2018\/08\/CEACE-Festa-Junina-2023-750x350.jpeg 750w, https:\/\/ceace.org.br\/wp-content\/uploads\/2018\/08\/CEACE-Festa-Junina-2023-642x300.jpeg 642w, https:\/\/ceace.org.br\/wp-content\/uploads\/2018\/08\/CEACE-Festa-Junina-2023.jpeg 1600w\" sizes=\"(max-width: 750px) 100vw, 750px\" \/><\/a><div class=\"lae-image-info\"><div class=\"lae-entry-info\"><h3 class=\"lae-post-title\"><a href=\"https:\/\/ceace.org.br\/?p=162\" title=\"FESTA JUNINA 2023\" rel=\"bookmark\">FESTA JUNINA 2023<\/a><\/h3><span class=\"lae-terms\"><a href=\"https:\/\/ceace.org.br\/?cat=5\">Artigos<\/a><\/span><\/div><\/div><!-- .lae-image-info --><\/div><div class=\"lae-entry-text-wrap \"><h3 class=\"entry-title\"><a href=\"https:\/\/ceace.org.br\/?p=162\" title=\"FESTA JUNINA 2023\" rel=\"bookmark\">FESTA JUNINA 2023<\/a><\/h3><div class=\"entry-summary\">Ap\u00f3s longo per\u00edodo sem nossa tradicional festa junina, finalmente tivemos mais uma oportunidade de confraterniza\u00e7\u00e3o e muitas alegrias. Al\u00e9m das comidinhas tradicionais, jogos e a quadrilha, contamos com a presen\u00e7a do Bazar do CEACE e sorteamos v\u00e1rios brindes para nossos<\/div><\/div><\/article><!-- .hentry --><\/div><!-- .lae-posts-carousel-item --><div data-id=\"id-159\" class=\"lae-posts-carousel-item\"><article id=\"post-159\" class=\"post-245 page type-page status-publish hentry\"><div class=\"lae-project-image\"><a href=\"https:\/\/ceace.org.br\/?p=159\"><img width=\"448\" height=\"284\" src=\"https:\/\/ceace.org.br\/wp-content\/uploads\/2018\/08\/de_que_precisa_espiritismo.jpg\" class=\"lae-image attachment-large size-large\" alt=\"\" loading=\"lazy\" srcset=\"https:\/\/ceace.org.br\/wp-content\/uploads\/2018\/08\/de_que_precisa_espiritismo.jpg 448w, https:\/\/ceace.org.br\/wp-content\/uploads\/2018\/08\/de_que_precisa_espiritismo-300x190.jpg 300w\" sizes=\"(max-width: 448px) 100vw, 448px\" \/><\/a><div class=\"lae-image-info\"><div class=\"lae-entry-info\"><h3 class=\"lae-post-title\"><a href=\"https:\/\/ceace.org.br\/?p=159\" title=\"Estados de Guerra\" rel=\"bookmark\">Estados de Guerra<\/a><\/h3><span class=\"lae-terms\"><a href=\"https:\/\/ceace.org.br\/?cat=5\">Artigos<\/a><\/span><\/div><\/div><!-- .lae-image-info --><\/div><div class=\"lae-entry-text-wrap \"><h3 class=\"entry-title\"><a href=\"https:\/\/ceace.org.br\/?p=159\" title=\"Estados de Guerra\" rel=\"bookmark\">Estados de Guerra<\/a><\/h3><div class=\"entry-summary\">Estados de Guerra Os Esp\u00edritos respondem a Kardec que o que impele o homem \u00e0 guerra \u00e9 a predomin\u00e2ncia da natureza animal sobre a espiritual e que no estado de barbaria os homens s\u00f3 conhecem o direito do mais forte.<\/div><\/div><\/article><!-- .hentry --><\/div><!-- .lae-posts-carousel-item --><div data-id=\"id-155\" class=\"lae-posts-carousel-item\"><article id=\"post-155\" class=\"post-245 page type-page status-publish hentry\"><div class=\"lae-project-image\"><a href=\"https:\/\/ceace.org.br\/?p=155\"><img width=\"336\" height=\"418\" src=\"https:\/\/ceace.org.br\/wp-content\/uploads\/2018\/08\/allan-kardec.jpg\" class=\"lae-image attachment-large size-large\" alt=\"\" loading=\"lazy\" srcset=\"https:\/\/ceace.org.br\/wp-content\/uploads\/2018\/08\/allan-kardec.jpg 336w, https:\/\/ceace.org.br\/wp-content\/uploads\/2018\/08\/allan-kardec-241x300.jpg 241w\" sizes=\"(max-width: 336px) 100vw, 336px\" \/><\/a><div class=\"lae-image-info\"><div class=\"lae-entry-info\"><h3 class=\"lae-post-title\"><a href=\"https:\/\/ceace.org.br\/?p=155\" title=\"Allan Kardec\" rel=\"bookmark\">Allan Kardec<\/a><\/h3><span class=\"lae-terms\"><a href=\"https:\/\/ceace.org.br\/?cat=5\">Artigos<\/a><\/span><\/div><\/div><!-- .lae-image-info --><\/div><div class=\"lae-entry-text-wrap \"><h3 class=\"entry-title\"><a href=\"https:\/\/ceace.org.br\/?p=155\" title=\"Allan Kardec\" rel=\"bookmark\">Allan Kardec<\/a><\/h3><div class=\"entry-summary\">Hippolyte-L\u00e9on-Denizard-Rivail nasceu em \u00a0Lyon, \u00a0Fran\u00e7a, \u00a0em \u00a01804. \u00a0Iniciou \u00a0seus \u00a0estudos \u00a0na cidade \u00a0de \u00a0Bourg \u00a0de \u00a0L\u2019 Ain \u00a0e \u00a0com \u00a0a \u00a0idade \u00a0de \u00a0dez \u00a0ou onze \u00a0anos \u00a0( 1814 \u00a0ou \u00a01815 ? ) \u00a0\u00e9 \u00a0levado, \u00a0por \u00a0sua \u00a0m\u00e3e, \u00a0\u00e0 \u00a0Su\u00ed\u00e7a, \u00a0para<\/div><\/div><\/article><!-- .hentry --><\/div><!-- .lae-posts-carousel-item --><div data-id=\"id-149\" class=\"lae-posts-carousel-item\"><article id=\"post-149\" class=\"post-245 page type-page status-publish hentry\"><div class=\"lae-project-image\"><a href=\"https:\/\/ceace.org.br\/?p=149\"><img width=\"320\" height=\"320\" src=\"https:\/\/ceace.org.br\/wp-content\/uploads\/2018\/08\/auto_conhecimento.jpg\" class=\"lae-image attachment-large size-large\" alt=\"\" loading=\"lazy\" srcset=\"https:\/\/ceace.org.br\/wp-content\/uploads\/2018\/08\/auto_conhecimento.jpg 320w, https:\/\/ceace.org.br\/wp-content\/uploads\/2018\/08\/auto_conhecimento-150x150.jpg 150w, https:\/\/ceace.org.br\/wp-content\/uploads\/2018\/08\/auto_conhecimento-300x300.jpg 300w, https:\/\/ceace.org.br\/wp-content\/uploads\/2018\/08\/auto_conhecimento-270x270.jpg 270w, https:\/\/ceace.org.br\/wp-content\/uploads\/2018\/08\/auto_conhecimento-230x230.jpg 230w\" sizes=\"(max-width: 320px) 100vw, 320px\" \/><\/a><div class=\"lae-image-info\"><div class=\"lae-entry-info\"><h3 class=\"lae-post-title\"><a href=\"https:\/\/ceace.org.br\/?p=149\" title=\"O que \u00e9 espiritismo\" rel=\"bookmark\">O que \u00e9 espiritismo<\/a><\/h3><span class=\"lae-terms\"><a href=\"https:\/\/ceace.org.br\/?cat=5\">Artigos<\/a><\/span><\/div><\/div><!-- .lae-image-info --><\/div><div class=\"lae-entry-text-wrap \"><h3 class=\"entry-title\"><a href=\"https:\/\/ceace.org.br\/?p=149\" title=\"O que \u00e9 espiritismo\" rel=\"bookmark\">O que \u00e9 espiritismo<\/a><\/h3><div class=\"entry-summary\">Doutrina, diz-nos o Dicion\u00e1rio, \u00e9 o \u201cconjunto de princ\u00edpios em que se baseia um sistema religioso, pol\u00edtico ou filos\u00f3fico.\u201d Assim sendo, podemos definir Espiritismo, ou Doutrina Esp\u00edrita, ou, ainda, Doutrina dos Esp\u00edritos como:\u201cO conjunto de princ\u00edpios e leis revelados pelos<\/div><\/div><\/article><!-- .hentry --><\/div><!-- .lae-posts-carousel-item --><\/div><!-- .lae-posts-carousel -->\t\t<\/div>\n\t\t\t\t<\/div>\n\t\t\t\t\t\t<\/div>\n\t\t\t<\/div>\n\t\t<\/div>\n\t\t\t\t\t\t<\/div>\n\t\t\t<\/div>\n\t\t<\/section>\n\t\t\t\t\t\t<\/div>\n\t\t\t<\/div>\n\t\t<\/div>\n\t\t","protected":false},"excerpt":{"rendered":"<p>A Mediunidade Atrav\u00e9s dos Tempos Artigos A Mediunidade Atrav\u00e9s dos Tempos A cren\u00e7a na imortalidade da alma e nas comunica\u00e7\u00f5es entre os vivos e os mortos \u00e9 de todos os tempos. Encontramos nos mais antigos arquivos religiosos a prova disso;<\/p>\n","protected":false},"author":1,"featured_media":0,"parent":0,"menu_order":0,"comment_status":"closed","ping_status":"closed","template":"","meta":[],"_links":{"self":[{"href":"https:\/\/ceace.org.br\/index.php?rest_route=\/wp\/v2\/pages\/245"}],"collection":[{"href":"https:\/\/ceace.org.br\/index.php?rest_route=\/wp\/v2\/pages"}],"about":[{"href":"https:\/\/ceace.org.br\/index.php?rest_route=\/wp\/v2\/types\/page"}],"author":[{"embeddable":true,"href":"https:\/\/ceace.org.br\/index.php?rest_route=\/wp\/v2\/users\/1"}],"replies":[{"embeddable":true,"href":"https:\/\/ceace.org.br\/index.php?rest_route=%2Fwp%2Fv2%2Fcomments&post=245"}],"version-history":[{"count":12,"href":"https:\/\/ceace.org.br\/index.php?rest_route=\/wp\/v2\/pages\/245\/revisions"}],"predecessor-version":[{"id":1146,"href":"https:\/\/ceace.org.br\/index.php?rest_route=\/wp\/v2\/pages\/245\/revisions\/1146"}],"wp:attachment":[{"href":"https:\/\/ceace.org.br\/index.php?rest_route=%2Fwp%2Fv2%2Fmedia&parent=245"}],"curies":[{"name":"wp","href":"https:\/\/api.w.org\/{rel}","templated":true}]}}